{"id":553,"date":"2019-04-29T08:44:46","date_gmt":"2019-04-29T08:44:46","guid":{"rendered":"https:\/\/www.stoomtram.nl\/?page_id=553"},"modified":"2019-06-25T13:49:04","modified_gmt":"2019-06-25T13:49:04","slug":"privacy","status":"publish","type":"page","link":"https:\/\/www.stoomtram.nl\/de\/privacy\/","title":{"rendered":"Privacy"},"content":{"rendered":"\t\t<div data-elementor-type=\"wp-post\" data-elementor-id=\"553\" class=\"elementor elementor-553 elementor-390\" data-elementor-post-type=\"page\">\n\t\t\t\t\t\t<section class=\"elementor-section elementor-top-section elementor-element elementor-element-25fa1e76 elementor-section-boxed elementor-section-height-default elementor-section-height-default\" data-id=\"25fa1e76\" data-element_type=\"section\">\n\t\t\t\t\t\t<div class=\"elementor-container elementor-column-gap-default\">\n\t\t\t\t\t<div class=\"elementor-column elementor-col-100 elementor-top-column elementor-element elementor-element-52d19078\" data-id=\"52d19078\" data-element_type=\"column\">\n\t\t\t<div class=\"elementor-widget-wrap elementor-element-populated\">\n\t\t\t\t\t\t<div class=\"elementor-element elementor-element-94dcb12 elementor-widget elementor-widget-heading\" data-id=\"94dcb12\" data-element_type=\"widget\" data-widget_type=\"heading.default\">\n\t\t\t\t<div class=\"elementor-widget-container\">\n\t\t\t<h1 class=\"elementor-heading-title elementor-size-default\">Datenschutzerkl\u00e4rung<\/h1>\t\t<\/div>\n\t\t\t\t<\/div>\n\t\t\t\t<div class=\"elementor-element elementor-element-7c21e82e elementor-widget elementor-widget-text-editor\" data-id=\"7c21e82e\" data-element_type=\"widget\" data-widget_type=\"text-editor.default\">\n\t\t\t\t<div class=\"elementor-widget-container\">\n\t\t\t\t\t\t\t<p><strong>Datenschutzerkl\u00e4rung<\/strong><\/p><p>Wir respektieren die privaten Daten der Besucher dieser Webseite und die unseres Museums und tragen daf\u00fcr Sorge, dass die pers\u00f6nlichen Informationen, die Sie uns erteilen, vertraulich behandelt werden. Unsere angestellten und freiwilligen Mitarbeiter tragen Kenntnis von diesem strikten Umgang mit Bezug auf Daten aus dem pers\u00f6nlichen Bereich. Die Verarbeitung von Privatdaten erfolgt den Anforderungen des Personaldatenschutzgesetzes gem\u00e4\u00df.<\/p><p><strong>Zweck der Datenverarbeitung.<\/strong><\/p><p>Ihre Personaldaten werden von uns verarbeitet zur Ausf\u00fchrung juristischer Dienstleistungen und das Verwalten der daraus hervorgehenden Verbindungen, einschlie\u00dflich Durchf\u00fchrung von Aktivit\u00e4ten, welche der Ausweitung des Kundenbestandes dienen.<\/p><p>Wenn Sie uns eine E-Mail schicken, dann werden die uns zugesandten Daten solange gespeichert, wie es Ihrer E-Mail entsprechend notwendig ist f\u00fcr eine vollst\u00e4ndige Behandlung und Beantwortung.<\/p><p><strong>Klickverhalten und Besucherdaten.<\/strong><\/p><p>Auf der Webseite werden die allgemeinen Besucherdaten gespeichert. In diesem Rahmen k\u00f6nnen namentlich die IP-Adresse Ihres Rechners, der eventuelle Benutzername, die Uhrzeit der Informationsaufnahme und die Daten, welche der Browser des Benutzers mitschickt, gespeichert und verwendet werden f\u00fcr statische Analysen des Besucher- und Klickverhaltens auf der Website. Des Weiteren optimieren wir damit das Funktionieren der Website.<\/p><p>Wir bem\u00fchen uns, diese Daten so viel wie m\u00f6glich zu anonymisieren. Diese Daten werden nicht an Dritte weitergeleitet.<\/p><p><strong>Google Analytics<\/strong><\/p><p>Wir benutzen Google Analytics zur Verfolgung der Art und Weise, wie Benutzer die Webseite gebrauchen. Die daraus hervorgegangene Information wird einschlie\u00dflich Ihrer IP-Adresse an Google zur Speicherung auf Server in den USA weitergeleitet.<\/p><p>Google verwendet diese Daten um verfolgen zu k\u00f6nnen, wie unsere Website genutzt wird, damit sie uns Analysen \u00fcber die Website liefern kann und damit sie ihre Inserenten \u00fcber die Wirkung ihrer Werbe-Aktivit\u00e4ten informieren kann. Google kann diese Informationen Dritten zur Verf\u00fcgung stellen, wenn sie im Rahmen eines Gesetzes dazu verpflichtet wird, oder wenn diese Dritten die Informationen f\u00fcr Google verarbeiten. Wir k\u00f6nnen selbst darauf keinen Einfluss nehmen.<\/p><p><strong>Facebook, Instagram, Twitter en LinkedIn<\/strong><\/p><p>Auf dieser Website gibt es Schaltm\u00f6glichkeiten um Seiten weiterzuleiten an soziale Netzwerke wie Facebook, Instagram, Twitter und LinkedIn. Diese Schaltm\u00f6glichkeiten werden erm\u00f6glicht durch Codes, die von den entsprechenden Anbietern geliefert werden. Eine solche Code platziert unter anderem auch ein Cookie (siehe unten). Lesen Sie die Datenschutzerkl\u00e4rung von Facebook, Instagram, Twitter en LinkedIn (welche regelm\u00e4\u00dfig ge\u00e4ndert werden) damit Sie wissen, wie sie Ihre Personaldaten verarbeiten.<\/p><p><strong>Newsletter.<\/strong><\/p><p>Wir geben einen Newsletter heraus, mit dem wir Interessierte \u00fcber Neuigkeiten in unserem Museum, sowie \u00fcber unsere Dienstleistungen und neue Angebote informieren wollen. Ihren Namen und Ihre E-Mailadresse werden nur mit Ihrer ausdr\u00fccklichen Zustimmung auf unserer Abonnentenliste gespeichert. Jeder Newsletter enth\u00e4lt einen Link zur Abmeldung. Die Daten der Abonnenten werden nicht an Dritte weitergereicht.<\/p><p><strong>Buchungen \u00fcber den Webshop.<\/strong><\/p><p>Wir bitten Sie, Ihren Vor- und Familiennamen, sowie E-Mailadresse und Telefonnummer bei der Buchung anzugeben, damit wir Ihnen das E-Ticket nach Ihrer Zahlung sofort zuschicken k\u00f6nnen und Sie im Fall von Betriebsst\u00f6rungen benachrichtigen k\u00f6nnen. Sie k\u00f6nnen bei der Buchung angeben, ob Sie es sch\u00e4tzen, \u00fcber unsere Aktivit\u00e4ten weiter informiert zu werden. Wenn Sie bei der Buchung angeben \u00b4Ich will auf dem Laufenden bleiben\u00b4, dann speichern wir Ihren Vor- und Familiennamen, ihre E-Mailadresse, das Arrangement, das Sie gebucht haben und das Datum Ihres Besuchs.<\/p><p><strong>Buchungen \u00fcber unser B\u00fcro.<\/strong><\/p><p>Wir bitten Sie, Ihren Vor- und Familiennamen, sowie Post- und E-Mailadresse und Telefonnummer bei der Buchung anzugeben, damit wir Ihnen die Buchungsbest\u00e4tigung schicken und Sie im Fall von Betriebsst\u00f6rungen benachrichtigen k\u00f6nnen. Im Fall, dass wir Ihnen eine Rechnung schicken, speichern wir im Rahmen einer gesetzlichen Auflage Ihre Daten wie Namen und Adresse.<\/p><p><strong>Verwendung von Cookies.<\/strong><\/p><p>Wir verwenden beim Anbieten von elektronischen Dienstleitungen Cookies. Ein Cookie ist eine einfache, kleine Datei, die mit den Seiten dieser Website mitgesandt und von Ihrem Browser auf der Festplatte Ihres Rechner gespeichert wird. Damit k\u00f6nnen wir unter anderem verschiedene Abrufe-Aktivit\u00e4ten von Seiten unserer Website kombinieren und das Verhalten der Benutzer analysieren. Sie k\u00f6nnen die Verwendung dieser Cookies ablehnen, obwohl die die Funktionalit\u00e4t und die Benutzerfreundlichkeit der Website m\u00f6glicherwiese einschr\u00e4nkt.<\/p><p><strong>Einsichtnahme, Korrektur und das Recht des Widerstands.<\/strong><\/p><p>Wenn Sie eine Verbindung zu unserem Betrieb haben, dann haben Sie nach schriftlicher Anforderung das Recht, Ihre Personaldaten einzusehen. Im Fall, dass die \u00dcbersicht, die wir zur Verf\u00fcgung stellen, Fehler aufweist, k\u00f6nnen Sie uns schriftlich auffordern, die entsprechenden Daten zu \u00e4ndern oder zu l\u00f6schen.<\/p><p>Wenn Sie keinen Wert (mehr) darauf legen, Informationen \u00fcber unsere Produkte und Dienstleistungen zu erhalten, dann k\u00f6nnen Sie sich \u00fcber den empfangenen Newsletter abmelden oder eine E-Mail schicken an: info@stoomtram.nl. Ihre Daten werden dann innerhalb von 4 Wochen gel\u00f6scht.<\/p><p><strong>Anpassen der Datenschutzerkl\u00e4rung.<\/strong><\/p><p>Wir behalten uns das Recht vor, diese Datenschutzerkl\u00e4rung anzupassen. \u00c4nderungen werden auf unserer Website ver\u00f6ffentlicht.<\/p>\t\t\t\t\t\t<\/div>\n\t\t\t\t<\/div>\n\t\t\t\t\t<\/div>\n\t\t<\/div>\n\t\t\t\t\t<\/div>\n\t\t<\/section>\n\t\t\t\t<\/div>\n\t\t","protected":false},"excerpt":{"rendered":"<p>Datenschutzerkl\u00e4rung Datenschutzerkl\u00e4rung Wir respektieren die privaten Daten der Besucher dieser Webseite und die unseres Museums und tragen daf\u00fcr Sorge, dass die pers\u00f6nlichen Informationen, die Sie uns erteilen, vertraulich behandelt werden. Unsere angestellten und freiwilligen Mitarbeiter tragen Kenntnis von diesem strikten Umgang mit Bezug auf Daten aus dem pers\u00f6nlichen Bereich. Die Verarbeitung von Privatdaten erfolgt den [&hellip;]<\/p>\n","protected":false},"author":1,"featured_media":0,"parent":0,"menu_order":0,"comment_status":"closed","ping_status":"closed","template":"","meta":{"_acf_changed":false,"footnotes":""},"class_list":["post-553","page","type-page","status-publish","hentry"],"acf":[],"yoast_head":"<!-- This site is optimized with the Yoast SEO plugin v23.0 - https:\/\/yoast.com\/wordpress\/plugins\/seo\/ -->\n<title>Privacy - Museum Stoomtram<\/title>\n<meta name=\"robots\" content=\"index, follow, max-snippet:-1, max-image-preview:large, max-video-preview:-1\" \/>\n<link rel=\"canonical\" href=\"https:\/\/www.stoomtram.nl\/privacy\/\" \/>\n<meta property=\"og:locale\" content=\"de_DE\" \/>\n<meta property=\"og:type\" content=\"article\" \/>\n<meta property=\"og:title\" content=\"Privacy - Museum Stoomtram\" \/>\n<meta property=\"og:description\" content=\"Datenschutzerkl\u00e4rung Datenschutzerkl\u00e4rung Wir respektieren die privaten Daten der Besucher dieser Webseite und die unseres Museums und tragen daf\u00fcr Sorge, dass die pers\u00f6nlichen Informationen, die Sie uns erteilen, vertraulich behandelt werden. Unsere angestellten und freiwilligen Mitarbeiter tragen Kenntnis von diesem strikten Umgang mit Bezug auf Daten aus dem pers\u00f6nlichen Bereich. Die Verarbeitung von Privatdaten erfolgt den [&hellip;]\" \/>\n<meta property=\"og:url\" content=\"https:\/\/www.stoomtram.nl\/privacy\/\" \/>\n<meta property=\"og:site_name\" content=\"Museum Stoomtram\" \/>\n<meta property=\"article:modified_time\" content=\"2019-06-25T13:49:04+00:00\" \/>\n<meta name=\"twitter:card\" content=\"summary_large_image\" \/>\n<meta name=\"twitter:label1\" content=\"Gesch\u00e4tzte Lesezeit\" \/>\n\t<meta name=\"twitter:data1\" content=\"4\u00a0Minuten\" \/>\n<script type=\"application\/ld+json\" class=\"yoast-schema-graph\">{\"@context\":\"https:\/\/schema.org\",\"@graph\":[{\"@type\":\"WebPage\",\"@id\":\"https:\/\/www.stoomtram.nl\/privacy\/\",\"url\":\"https:\/\/www.stoomtram.nl\/privacy\/\",\"name\":\"Privacy - Museum Stoomtram\",\"isPartOf\":{\"@id\":\"https:\/\/www.stoomtram.nl\/#website\"},\"datePublished\":\"2019-04-29T08:44:46+00:00\",\"dateModified\":\"2019-06-25T13:49:04+00:00\",\"breadcrumb\":{\"@id\":\"https:\/\/www.stoomtram.nl\/privacy\/#breadcrumb\"},\"inLanguage\":\"de\",\"potentialAction\":[{\"@type\":\"ReadAction\",\"target\":[\"https:\/\/www.stoomtram.nl\/privacy\/\"]}]},{\"@type\":\"BreadcrumbList\",\"@id\":\"https:\/\/www.stoomtram.nl\/privacy\/#breadcrumb\",\"itemListElement\":[{\"@type\":\"ListItem\",\"position\":1,\"name\":\"Home\",\"item\":\"https:\/\/www.stoomtram.nl\/de\/\"},{\"@type\":\"ListItem\",\"position\":2,\"name\":\"Privacy\"}]},{\"@type\":\"WebSite\",\"@id\":\"https:\/\/www.stoomtram.nl\/#website\",\"url\":\"https:\/\/www.stoomtram.nl\/\",\"name\":\"Museum Stoomtram\",\"description\":\"Hoorn-Medemblik\",\"publisher\":{\"@id\":\"https:\/\/www.stoomtram.nl\/#organization\"},\"potentialAction\":[{\"@type\":\"SearchAction\",\"target\":{\"@type\":\"EntryPoint\",\"urlTemplate\":\"https:\/\/www.stoomtram.nl\/?s={search_term_string}\"},\"query-input\":\"required name=search_term_string\"}],\"inLanguage\":\"de\"},{\"@type\":\"Organization\",\"@id\":\"https:\/\/www.stoomtram.nl\/#organization\",\"name\":\"Museum Stoomtram Hoorn-Medemblik\",\"url\":\"https:\/\/www.stoomtram.nl\/\",\"logo\":{\"@type\":\"ImageObject\",\"inLanguage\":\"de\",\"@id\":\"https:\/\/www.stoomtram.nl\/#\/schema\/logo\/image\/\",\"url\":\"https:\/\/www.stoomtram.nl\/wp-content\/uploads\/2019\/04\/logo-stoomtram.svg\",\"contentUrl\":\"https:\/\/www.stoomtram.nl\/wp-content\/uploads\/2019\/04\/logo-stoomtram.svg\",\"width\":1,\"height\":1,\"caption\":\"Museum Stoomtram Hoorn-Medemblik\"},\"image\":{\"@id\":\"https:\/\/www.stoomtram.nl\/#\/schema\/logo\/image\/\"}}]}<\/script>\n<!-- \/ Yoast SEO plugin. -->","yoast_head_json":{"title":"Privacy - Museum Stoomtram","robots":{"index":"index","follow":"follow","max-snippet":"max-snippet:-1","max-image-preview":"max-image-preview:large","max-video-preview":"max-video-preview:-1"},"canonical":"https:\/\/www.stoomtram.nl\/privacy\/","og_locale":"de_DE","og_type":"article","og_title":"Privacy - Museum Stoomtram","og_description":"Datenschutzerkl\u00e4rung Datenschutzerkl\u00e4rung Wir respektieren die privaten Daten der Besucher dieser Webseite und die unseres Museums und tragen daf\u00fcr Sorge, dass die pers\u00f6nlichen Informationen, die Sie uns erteilen, vertraulich behandelt werden. Unsere angestellten und freiwilligen Mitarbeiter tragen Kenntnis von diesem strikten Umgang mit Bezug auf Daten aus dem pers\u00f6nlichen Bereich. Die Verarbeitung von Privatdaten erfolgt den [&hellip;]","og_url":"https:\/\/www.stoomtram.nl\/privacy\/","og_site_name":"Museum Stoomtram","article_modified_time":"2019-06-25T13:49:04+00:00","twitter_card":"summary_large_image","twitter_misc":{"Gesch\u00e4tzte Lesezeit":"4\u00a0Minuten"},"schema":{"@context":"https:\/\/schema.org","@graph":[{"@type":"WebPage","@id":"https:\/\/www.stoomtram.nl\/privacy\/","url":"https:\/\/www.stoomtram.nl\/privacy\/","name":"Privacy - Museum Stoomtram","isPartOf":{"@id":"https:\/\/www.stoomtram.nl\/#website"},"datePublished":"2019-04-29T08:44:46+00:00","dateModified":"2019-06-25T13:49:04+00:00","breadcrumb":{"@id":"https:\/\/www.stoomtram.nl\/privacy\/#breadcrumb"},"inLanguage":"de","potentialAction":[{"@type":"ReadAction","target":["https:\/\/www.stoomtram.nl\/privacy\/"]}]},{"@type":"BreadcrumbList","@id":"https:\/\/www.stoomtram.nl\/privacy\/#breadcrumb","itemListElement":[{"@type":"ListItem","position":1,"name":"Home","item":"https:\/\/www.stoomtram.nl\/de\/"},{"@type":"ListItem","position":2,"name":"Privacy"}]},{"@type":"WebSite","@id":"https:\/\/www.stoomtram.nl\/#website","url":"https:\/\/www.stoomtram.nl\/","name":"Museum Stoomtram","description":"Hoorn-Medemblik","publisher":{"@id":"https:\/\/www.stoomtram.nl\/#organization"},"potentialAction":[{"@type":"SearchAction","target":{"@type":"EntryPoint","urlTemplate":"https:\/\/www.stoomtram.nl\/?s={search_term_string}"},"query-input":"required name=search_term_string"}],"inLanguage":"de"},{"@type":"Organization","@id":"https:\/\/www.stoomtram.nl\/#organization","name":"Museum Stoomtram Hoorn-Medemblik","url":"https:\/\/www.stoomtram.nl\/","logo":{"@type":"ImageObject","inLanguage":"de","@id":"https:\/\/www.stoomtram.nl\/#\/schema\/logo\/image\/","url":"https:\/\/www.stoomtram.nl\/wp-content\/uploads\/2019\/04\/logo-stoomtram.svg","contentUrl":"https:\/\/www.stoomtram.nl\/wp-content\/uploads\/2019\/04\/logo-stoomtram.svg","width":1,"height":1,"caption":"Museum Stoomtram Hoorn-Medemblik"},"image":{"@id":"https:\/\/www.stoomtram.nl\/#\/schema\/logo\/image\/"}}]}},"_links":{"self":[{"href":"https:\/\/www.stoomtram.nl\/de\/wp-json\/wp\/v2\/pages\/553"}],"collection":[{"href":"https:\/\/www.stoomtram.nl\/de\/wp-json\/wp\/v2\/pages"}],"about":[{"href":"https:\/\/www.stoomtram.nl\/de\/wp-json\/wp\/v2\/types\/page"}],"author":[{"embeddable":true,"href":"https:\/\/www.stoomtram.nl\/de\/wp-json\/wp\/v2\/users\/1"}],"replies":[{"embeddable":true,"href":"https:\/\/www.stoomtram.nl\/de\/wp-json\/wp\/v2\/comments?post=553"}],"version-history":[{"count":4,"href":"https:\/\/www.stoomtram.nl\/de\/wp-json\/wp\/v2\/pages\/553\/revisions"}],"predecessor-version":[{"id":4213,"href":"https:\/\/www.stoomtram.nl\/de\/wp-json\/wp\/v2\/pages\/553\/revisions\/4213"}],"wp:attachment":[{"href":"https:\/\/www.stoomtram.nl\/de\/wp-json\/wp\/v2\/media?parent=553"}],"curies":[{"name":"wp","href":"https:\/\/api.w.org\/{rel}","templated":true}]}}