{"id":2753,"date":"2019-06-11T07:36:21","date_gmt":"2019-06-11T07:36:21","guid":{"rendered":"https:\/\/www.stoomtram.nl\/?page_id=2753"},"modified":"2023-01-23T13:51:08","modified_gmt":"2023-01-23T13:51:08","slug":"groepsarrangementen","status":"publish","type":"page","link":"https:\/\/www.stoomtram.nl\/de\/groepsarrangementen\/","title":{"rendered":"Gruppenbuchungen"},"content":{"rendered":"\t\t<div data-elementor-type=\"wp-post\" data-elementor-id=\"2753\" class=\"elementor elementor-2753 elementor-1503\" data-elementor-post-type=\"page\">\n\t\t\t\t\t\t<section class=\"elementor-section elementor-top-section elementor-element elementor-element-38beb334 elementor-section-boxed elementor-section-height-default elementor-section-height-default\" data-id=\"38beb334\" data-element_type=\"section\">\n\t\t\t\t\t\t<div class=\"elementor-container elementor-column-gap-default\">\n\t\t\t\t\t<div class=\"elementor-column elementor-col-100 elementor-top-column elementor-element elementor-element-30db65f1\" data-id=\"30db65f1\" data-element_type=\"column\">\n\t\t\t<div class=\"elementor-widget-wrap elementor-element-populated\">\n\t\t\t\t\t\t<div class=\"elementor-element elementor-element-573789 elementor-widget elementor-widget-heading\" data-id=\"573789\" data-element_type=\"widget\" data-widget_type=\"heading.default\">\n\t\t\t\t<div class=\"elementor-widget-container\">\n\t\t\t<h1 class=\"elementor-heading-title elementor-size-default\">Gruppenbuchung<\/h1>\t\t<\/div>\n\t\t\t\t<\/div>\n\t\t\t\t\t<\/div>\n\t\t<\/div>\n\t\t\t\t\t<\/div>\n\t\t<\/section>\n\t\t\t\t<section class=\"elementor-section elementor-top-section elementor-element elementor-element-35d8b71f elementor-section-boxed elementor-section-height-default elementor-section-height-default\" data-id=\"35d8b71f\" data-element_type=\"section\">\n\t\t\t\t\t\t<div class=\"elementor-container elementor-column-gap-default\">\n\t\t\t\t\t<div class=\"elementor-column elementor-col-100 elementor-top-column elementor-element elementor-element-7f6ae67f\" data-id=\"7f6ae67f\" data-element_type=\"column\">\n\t\t\t<div class=\"elementor-widget-wrap elementor-element-populated\">\n\t\t\t\t\t\t<div class=\"elementor-element elementor-element-5437b5d8 elementor-widget elementor-widget-text-editor\" data-id=\"5437b5d8\" data-element_type=\"widget\" data-widget_type=\"text-editor.default\">\n\t\t\t\t<div class=\"elementor-widget-container\">\n\t\t\t\t\t\t\t<p>Ein Gruppenausflug zur Museumsdampfkleinbahn Hoorn-Medemblik ist zu jeder Zeit eine gute Idee. Es gibt immer ein passendes Arrangement und zus\u00e4tzlich k\u00f6nnen Sie immer ein individuelles Arrangement nach Ma\u00df zusammenstellen. Ab f\u00fcnfzehn Personen gew\u00e4hren wir Gruppenrabatt. Dadurch wird Ihr Ausflug mit Verwandten, Freunden oder Kollegen nat\u00fcrlich noch attraktiver!<\/p>\n<p><span class=\"collapseomatic \" id=\"id69f46a67d94a5\"  tabindex=\"0\" title=\"Weiter Lesen\u2026\"    >Weiter Lesen\u2026<\/span><span id='swap-id69f46a67d94a5'  class='colomat-swap' style='display:none;'>Slie\u00dfen<\/span><div id=\"target-id69f46a67d94a5\" class=\"collapseomatic_content \"><br><strong>Arrangement 1: Historisches Dreieck<\/strong><br>Ein historischer Ausflug mit Dampfkleinbahn und Schiff!<br>\u2022 Vier Stunden lang Erleben und Entdecken<br>\u2022 Schiffsfahrt von Enkhuizen nach Medemblik<br>\u2022 Besuch der historischen Stadt Medemblik<br>\u2022 Fahrt mit der Dampfkleinbahn nach Hoorn<br>\u2022 Besuch des interessanten Museumsbahnhofs in Hoorn<br>\u2022 Zwei Tassen Kaffee und Apfelkuchen auf dem Museumsschiff<br>\u2022 Rucksack mit \u2018Schifferverpflegung\u2019 f\u00fcr unterwegs<br>\u2022 F\u00fcr die Kinder: Suchspiel Dampfsafari<\/p>\n<p>Tipp: Dieses Arrangement kann erweitert werden mit einem Altstadtrundgang oder einem Besuch des B\u00e4ckereimuseums in Medemblik<\/p>\n<p><strong>Arrangement 2: Nord-Holland 3-in-1<\/strong><br>Reisen Sie zur ehemaligen Zuidersee per Dampfkleinbahn und Schiff!<br>\u2022 Mehr als sechs Stunden lang Vergn\u00fcgen, Erleben und Entdecken<br>\u2022 Besuch des interessanten Museumsbahnhofs in Hoorn<br>\u2022 Fahrt mit der Dampfkleinbahn nach Medemblik<br>\u2022 Besuch der historischen Stadt<br>\u2022 Schiffsfahrt \u00fcber das IJsselmeer nach Enkhuizen<br>\u2022 Eintritt Zuiderseemuseum<br>\u2022 Zwei Tassen Kaffee und Apfelkuchen im Kleinbahnzug<br>\u2022 Ausgedehnte westfriesische Brotzeit auf dem Museumsschiff<br>\u2022 F\u00fcr die Kinder: Suchspiel Dampfsafari<\/p>\n<p>Tipp: Sehen Sie sich vor Abfahrt des Zuges das attraktive Gel\u00e4nde der Museumsbahn in Hoorn an.<\/p>\n<p>Weitere Infos: 0031-229-255-255, oder schicken Sie eine E-Mail an: <a href=\"mailto:info@stoomtram.nl\">info@stoomtram.nl.<\/a><\/p>\n<p><\/div><\/p>\t\t\t\t\t\t<\/div>\n\t\t\t\t<\/div>\n\t\t\t\t\t<\/div>\n\t\t<\/div>\n\t\t\t\t\t<\/div>\n\t\t<\/section>\n\t\t\t\t<section class=\"elementor-section elementor-top-section elementor-element elementor-element-43183be0 elementor-section-boxed elementor-section-height-default elementor-section-height-default\" data-id=\"43183be0\" data-element_type=\"section\">\n\t\t\t\t\t\t<div class=\"elementor-container elementor-column-gap-default\">\n\t\t\t\t\t<div class=\"elementor-column elementor-col-100 elementor-top-column elementor-element elementor-element-11909aa2\" data-id=\"11909aa2\" data-element_type=\"column\">\n\t\t\t<div class=\"elementor-widget-wrap elementor-element-populated\">\n\t\t\t\t\t\t<div class=\"elementor-element elementor-element-40af19fa elementor--h-position-center elementor--v-position-middle elementor-arrows-position-inside elementor-widget elementor-widget-slides\" data-id=\"40af19fa\" data-element_type=\"widget\" data-settings=\"{&quot;navigation&quot;:&quot;arrows&quot;,&quot;autoplay&quot;:&quot;yes&quot;,&quot;pause_on_hover&quot;:&quot;yes&quot;,&quot;pause_on_interaction&quot;:&quot;yes&quot;,&quot;autoplay_speed&quot;:5000,&quot;infinite&quot;:&quot;yes&quot;,&quot;transition&quot;:&quot;slide&quot;,&quot;transition_speed&quot;:500}\" data-widget_type=\"slides.default\">\n\t\t\t\t<div class=\"elementor-widget-container\">\n\t\t\t\t\t<div class=\"elementor-swiper\">\n\t\t\t<div class=\"elementor-slides-wrapper elementor-main-swiper swiper\" dir=\"ltr\" data-animation=\"fadeInUp\">\n\t\t\t\t<div class=\"swiper-wrapper elementor-slides\">\n\t\t\t\t\t\t\t\t\t\t<div class=\"elementor-repeater-item-66414d5 swiper-slide\"><div class=\"swiper-slide-bg\" role=\"img\"><\/div><div class=\"swiper-slide-inner\" ><div class=\"swiper-slide-contents\"><\/div><\/div><\/div><div class=\"elementor-repeater-item-94920d8 swiper-slide\"><div class=\"swiper-slide-bg\" role=\"img\"><\/div><div class=\"swiper-slide-inner\" ><div class=\"swiper-slide-contents\"><\/div><\/div><\/div>\t\t\t\t<\/div>\n\t\t\t\t\t\t\t\t\t\t\t\t\t\t\t\t\t\t\t\t<div class=\"elementor-swiper-button elementor-swiper-button-prev\" role=\"button\" tabindex=\"0\">\n\t\t\t\t\t\t\t<i aria-hidden=\"true\" class=\"eicon-chevron-left\"><\/i>\t\t\t\t\t\t\t<span class=\"elementor-screen-only\">Previous slide<\/span>\n\t\t\t\t\t\t<\/div>\n\t\t\t\t\t\t<div class=\"elementor-swiper-button elementor-swiper-button-next\" role=\"button\" tabindex=\"0\">\n\t\t\t\t\t\t\t<i aria-hidden=\"true\" class=\"eicon-chevron-right\"><\/i>\t\t\t\t\t\t\t<span class=\"elementor-screen-only\">Next slide<\/span>\n\t\t\t\t\t\t<\/div>\n\t\t\t\t\t\t\t\t\t\t\t\t<\/div>\n\t\t<\/div>\n\t\t\t\t<\/div>\n\t\t\t\t<\/div>\n\t\t\t\t\t<\/div>\n\t\t<\/div>\n\t\t\t\t\t<\/div>\n\t\t<\/section>\n\t\t\t\t<\/div>\n\t\t","protected":false},"excerpt":{"rendered":"<p>Gruppenbuchung Ein Gruppenausflug zur Museumsdampfkleinbahn Hoorn-Medemblik ist zu jeder Zeit eine gute Idee. Es gibt immer ein passendes Arrangement und zus\u00e4tzlich k\u00f6nnen Sie immer ein individuelles Arrangement nach Ma\u00df zusammenstellen. Ab f\u00fcnfzehn Personen gew\u00e4hren wir Gruppenrabatt. Dadurch wird Ihr Ausflug mit Verwandten, Freunden oder Kollegen nat\u00fcrlich noch attraktiver! Previous Next<\/p>\n","protected":false},"author":2,"featured_media":0,"parent":0,"menu_order":0,"comment_status":"closed","ping_status":"closed","template":"","meta":{"_acf_changed":false,"footnotes":""},"class_list":["post-2753","page","type-page","status-publish","hentry"],"acf":[],"yoast_head":"<!-- This site is optimized with the Yoast SEO plugin v23.0 - https:\/\/yoast.com\/wordpress\/plugins\/seo\/ -->\n<title>Gruppenbuchungen - Museum Stoomtram<\/title>\n<meta name=\"robots\" content=\"index, follow, max-snippet:-1, max-image-preview:large, max-video-preview:-1\" \/>\n<link rel=\"canonical\" href=\"https:\/\/www.stoomtram.nl\/bezoek-met-groep\/\" \/>\n<meta property=\"og:locale\" content=\"de_DE\" \/>\n<meta property=\"og:type\" content=\"article\" \/>\n<meta property=\"og:title\" content=\"Gruppenbuchungen - Museum Stoomtram\" \/>\n<meta property=\"og:description\" content=\"Gruppenbuchung Ein Gruppenausflug zur Museumsdampfkleinbahn Hoorn-Medemblik ist zu jeder Zeit eine gute Idee. Es gibt immer ein passendes Arrangement und zus\u00e4tzlich k\u00f6nnen Sie immer ein individuelles Arrangement nach Ma\u00df zusammenstellen. Ab f\u00fcnfzehn Personen gew\u00e4hren wir Gruppenrabatt. Dadurch wird Ihr Ausflug mit Verwandten, Freunden oder Kollegen nat\u00fcrlich noch attraktiver! Previous Next\" \/>\n<meta property=\"og:url\" content=\"https:\/\/www.stoomtram.nl\/bezoek-met-groep\/\" \/>\n<meta property=\"og:site_name\" content=\"Museum Stoomtram\" \/>\n<meta property=\"article:modified_time\" content=\"2023-01-23T13:51:08+00:00\" \/>\n<meta name=\"twitter:card\" content=\"summary_large_image\" \/>\n<meta name=\"twitter:label1\" content=\"Gesch\u00e4tzte Lesezeit\" \/>\n\t<meta name=\"twitter:data1\" content=\"2\u00a0Minuten\" \/>\n<script type=\"application\/ld+json\" class=\"yoast-schema-graph\">{\"@context\":\"https:\/\/schema.org\",\"@graph\":[{\"@type\":\"WebPage\",\"@id\":\"https:\/\/www.stoomtram.nl\/bezoek-met-groep\/\",\"url\":\"https:\/\/www.stoomtram.nl\/bezoek-met-groep\/\",\"name\":\"Gruppenbuchungen - Museum Stoomtram\",\"isPartOf\":{\"@id\":\"https:\/\/www.stoomtram.nl\/#website\"},\"datePublished\":\"2019-06-11T07:36:21+00:00\",\"dateModified\":\"2023-01-23T13:51:08+00:00\",\"breadcrumb\":{\"@id\":\"https:\/\/www.stoomtram.nl\/bezoek-met-groep\/#breadcrumb\"},\"inLanguage\":\"de\",\"potentialAction\":[{\"@type\":\"ReadAction\",\"target\":[\"https:\/\/www.stoomtram.nl\/bezoek-met-groep\/\"]}]},{\"@type\":\"BreadcrumbList\",\"@id\":\"https:\/\/www.stoomtram.nl\/bezoek-met-groep\/#breadcrumb\",\"itemListElement\":[{\"@type\":\"ListItem\",\"position\":1,\"name\":\"Home\",\"item\":\"https:\/\/www.stoomtram.nl\/de\/\"},{\"@type\":\"ListItem\",\"position\":2,\"name\":\"Gruppenbuchungen\"}]},{\"@type\":\"WebSite\",\"@id\":\"https:\/\/www.stoomtram.nl\/#website\",\"url\":\"https:\/\/www.stoomtram.nl\/\",\"name\":\"Museum Stoomtram\",\"description\":\"Hoorn-Medemblik\",\"publisher\":{\"@id\":\"https:\/\/www.stoomtram.nl\/#organization\"},\"potentialAction\":[{\"@type\":\"SearchAction\",\"target\":{\"@type\":\"EntryPoint\",\"urlTemplate\":\"https:\/\/www.stoomtram.nl\/?s={search_term_string}\"},\"query-input\":\"required name=search_term_string\"}],\"inLanguage\":\"de\"},{\"@type\":\"Organization\",\"@id\":\"https:\/\/www.stoomtram.nl\/#organization\",\"name\":\"Museum Stoomtram Hoorn-Medemblik\",\"url\":\"https:\/\/www.stoomtram.nl\/\",\"logo\":{\"@type\":\"ImageObject\",\"inLanguage\":\"de\",\"@id\":\"https:\/\/www.stoomtram.nl\/#\/schema\/logo\/image\/\",\"url\":\"https:\/\/www.stoomtram.nl\/wp-content\/uploads\/2019\/04\/logo-stoomtram.svg\",\"contentUrl\":\"https:\/\/www.stoomtram.nl\/wp-content\/uploads\/2019\/04\/logo-stoomtram.svg\",\"width\":1,\"height\":1,\"caption\":\"Museum Stoomtram Hoorn-Medemblik\"},\"image\":{\"@id\":\"https:\/\/www.stoomtram.nl\/#\/schema\/logo\/image\/\"}}]}<\/script>\n<!-- \/ Yoast SEO plugin. -->","yoast_head_json":{"title":"Gruppenbuchungen - Museum Stoomtram","robots":{"index":"index","follow":"follow","max-snippet":"max-snippet:-1","max-image-preview":"max-image-preview:large","max-video-preview":"max-video-preview:-1"},"canonical":"https:\/\/www.stoomtram.nl\/bezoek-met-groep\/","og_locale":"de_DE","og_type":"article","og_title":"Gruppenbuchungen - Museum Stoomtram","og_description":"Gruppenbuchung Ein Gruppenausflug zur Museumsdampfkleinbahn Hoorn-Medemblik ist zu jeder Zeit eine gute Idee. Es gibt immer ein passendes Arrangement und zus\u00e4tzlich k\u00f6nnen Sie immer ein individuelles Arrangement nach Ma\u00df zusammenstellen. Ab f\u00fcnfzehn Personen gew\u00e4hren wir Gruppenrabatt. Dadurch wird Ihr Ausflug mit Verwandten, Freunden oder Kollegen nat\u00fcrlich noch attraktiver! Previous Next","og_url":"https:\/\/www.stoomtram.nl\/bezoek-met-groep\/","og_site_name":"Museum Stoomtram","article_modified_time":"2023-01-23T13:51:08+00:00","twitter_card":"summary_large_image","twitter_misc":{"Gesch\u00e4tzte Lesezeit":"2\u00a0Minuten"},"schema":{"@context":"https:\/\/schema.org","@graph":[{"@type":"WebPage","@id":"https:\/\/www.stoomtram.nl\/bezoek-met-groep\/","url":"https:\/\/www.stoomtram.nl\/bezoek-met-groep\/","name":"Gruppenbuchungen - Museum Stoomtram","isPartOf":{"@id":"https:\/\/www.stoomtram.nl\/#website"},"datePublished":"2019-06-11T07:36:21+00:00","dateModified":"2023-01-23T13:51:08+00:00","breadcrumb":{"@id":"https:\/\/www.stoomtram.nl\/bezoek-met-groep\/#breadcrumb"},"inLanguage":"de","potentialAction":[{"@type":"ReadAction","target":["https:\/\/www.stoomtram.nl\/bezoek-met-groep\/"]}]},{"@type":"BreadcrumbList","@id":"https:\/\/www.stoomtram.nl\/bezoek-met-groep\/#breadcrumb","itemListElement":[{"@type":"ListItem","position":1,"name":"Home","item":"https:\/\/www.stoomtram.nl\/de\/"},{"@type":"ListItem","position":2,"name":"Gruppenbuchungen"}]},{"@type":"WebSite","@id":"https:\/\/www.stoomtram.nl\/#website","url":"https:\/\/www.stoomtram.nl\/","name":"Museum Stoomtram","description":"Hoorn-Medemblik","publisher":{"@id":"https:\/\/www.stoomtram.nl\/#organization"},"potentialAction":[{"@type":"SearchAction","target":{"@type":"EntryPoint","urlTemplate":"https:\/\/www.stoomtram.nl\/?s={search_term_string}"},"query-input":"required name=search_term_string"}],"inLanguage":"de"},{"@type":"Organization","@id":"https:\/\/www.stoomtram.nl\/#organization","name":"Museum Stoomtram Hoorn-Medemblik","url":"https:\/\/www.stoomtram.nl\/","logo":{"@type":"ImageObject","inLanguage":"de","@id":"https:\/\/www.stoomtram.nl\/#\/schema\/logo\/image\/","url":"https:\/\/www.stoomtram.nl\/wp-content\/uploads\/2019\/04\/logo-stoomtram.svg","contentUrl":"https:\/\/www.stoomtram.nl\/wp-content\/uploads\/2019\/04\/logo-stoomtram.svg","width":1,"height":1,"caption":"Museum Stoomtram Hoorn-Medemblik"},"image":{"@id":"https:\/\/www.stoomtram.nl\/#\/schema\/logo\/image\/"}}]}},"_links":{"self":[{"href":"https:\/\/www.stoomtram.nl\/de\/wp-json\/wp\/v2\/pages\/2753"}],"collection":[{"href":"https:\/\/www.stoomtram.nl\/de\/wp-json\/wp\/v2\/pages"}],"about":[{"href":"https:\/\/www.stoomtram.nl\/de\/wp-json\/wp\/v2\/types\/page"}],"author":[{"embeddable":true,"href":"https:\/\/www.stoomtram.nl\/de\/wp-json\/wp\/v2\/users\/2"}],"replies":[{"embeddable":true,"href":"https:\/\/www.stoomtram.nl\/de\/wp-json\/wp\/v2\/comments?post=2753"}],"version-history":[{"count":25,"href":"https:\/\/www.stoomtram.nl\/de\/wp-json\/wp\/v2\/pages\/2753\/revisions"}],"predecessor-version":[{"id":13629,"href":"https:\/\/www.stoomtram.nl\/de\/wp-json\/wp\/v2\/pages\/2753\/revisions\/13629"}],"wp:attachment":[{"href":"https:\/\/www.stoomtram.nl\/de\/wp-json\/wp\/v2\/media?parent=2753"}],"curies":[{"name":"wp","href":"https:\/\/api.w.org\/{rel}","templated":true}]}}